{"id":3644,"date":"2021-10-19T14:43:00","date_gmt":"2021-10-19T12:43:00","guid":{"rendered":"https:\/\/www.biauxarpajonnais.org\/?page_id=3644"},"modified":"2021-10-20T12:01:11","modified_gmt":"2021-10-20T10:01:11","slug":"viande-de-porc","status":"publish","type":"page","link":"https:\/\/www.biauxarpajonnais.org\/index.php\/les-producteurs\/viande-de-porc\/","title":{"rendered":"VIANDE DE PORC"},"content":{"rendered":"\n<h2 class=\"wp-block-heading\">LA FERME BIO de BARBE NOIRE<\/h2>\n\n\n\n<div class=\"wp-block-image\"><figure class=\"alignleft size-full is-resized\"><img loading=\"lazy\" decoding=\"async\" src=\"https:\/\/www.biauxarpajonnais.org\/wp-content\/uploads\/2021\/10\/Ferme-de-Barbe-noire.jpg\" alt=\"\" class=\"wp-image-3646\" width=\"199\" height=\"201\" srcset=\"https:\/\/www.biauxarpajonnais.org\/wp-content\/uploads\/2021\/10\/Ferme-de-Barbe-noire.jpg 302w, https:\/\/www.biauxarpajonnais.org\/wp-content\/uploads\/2021\/10\/Ferme-de-Barbe-noire-297x300.jpg 297w\" sizes=\"auto, (max-width: 199px) 100vw, 199px\" \/><\/figure><\/div>\n\n\n\n<p class=\"has-text-align-center has-medium-font-size\"><br>Jules Renard disait qu\u2019il faut parler d\u2019un cochon comme d\u2019une fleur ; <br>moi c\u2019est Pierre et chez la Barbe Noire c\u2019est tout \u00e0 fait \u00e7a !<br>Je travaille avec une race rustique, <br><strong>le Porc Blanc de l\u2019Ouest <\/strong><br><strong>(<\/strong> race quasi \u00e9teinte dans les ann\u00e9es 80, aujourd\u2019hui l\u2019effectif est d\u2019une centaine de truies en France,150 dans le monde ! ).<br>Notons que la rusticit\u00e9 d\u00e9pend surtout de la race<br>(les six races rustiques fran\u00e7aises :le Porc Blanc de l&rsquo;ouest, le Gascon, le cul noir du Limousin, le Bayeux, le Basque, le Nustrale), <br>pas uniquement du mode d&rsquo;\u00e9levage !!!<br><br><strong>Le Porc Blanc de l\u2019Ouest<\/strong> exprime au mieux ses atouts (croissance, qualit\u00e9 de la chair et du gras) dans des syst\u00e8mes d\u2019\u00e9levages fermiers de plein-air, comme le n\u00f4tre o\u00f9 ils sont \u00e9lev\u00e9s entre 10 et 14 mois.<br><\/p>\n\n\n\n<div class=\"wp-block-image\"><figure class=\"alignleft size-full is-resized\"><img loading=\"lazy\" decoding=\"async\" src=\"https:\/\/www.biauxarpajonnais.org\/wp-content\/uploads\/2021\/10\/Ferme-de-Barbe-noire-3.jpg\" alt=\"\" class=\"wp-image-3648\" width=\"254\" height=\"188\" srcset=\"https:\/\/www.biauxarpajonnais.org\/wp-content\/uploads\/2021\/10\/Ferme-de-Barbe-noire-3.jpg 385w, https:\/\/www.biauxarpajonnais.org\/wp-content\/uploads\/2021\/10\/Ferme-de-Barbe-noire-3-300x222.jpg 300w\" sizes=\"auto, (max-width: 254px) 100vw, 254px\" \/><\/figure><\/div>\n\n\n\n<p class=\"has-text-align-left has-medium-font-size\"> <br><br>C\u2019est <strong>LA SEULE RACE DE PORC<\/strong> <br>dont la graisse contient des acides gras polyinsatur\u00e9s\u2026<br>Notre sant\u00e9 dit \u00ab\u00a0g\u00e9nial !!! \u00a0\u00bb <\/p>\n\n\n\n<p class=\"has-text-align-center has-medium-font-size\"><br>Install\u00e9 avec mon \u00e9pouse, Cl\u00e9mence, depuis 2018 sur la commune de Bergoide (43360) en plein-air int\u00e9gral sur environ 24Ha de prairies, de ch\u00eanes et de ch\u00e2taigniers, nous sommes naisseurs engraisseurs avec 8 truies pour 2 verrats:<br><\/p>\n\n\n\n<p class=\"has-text-align-center has-medium-font-size\"><br> environ 60 porcs charcutiers par an que nous faisons transformer \u00e0 Saint-Flour (CFPPA) pour la charcuterie s\u00e8che et cuite et directement \u00e0 l\u2019abattoir de Brioude pour la viande fra\u00eeche en attendant la mise en place de notre atelier \u00e0 la ferme, <br><\/p>\n\n\n\n<div class=\"wp-block-image\"><figure class=\"aligncenter size-full\"><img loading=\"lazy\" decoding=\"async\" width=\"42\" height=\"43\" src=\"https:\/\/www.biauxarpajonnais.org\/wp-content\/uploads\/2021\/10\/Ferme-de-Barbe-noire-2-1.jpg\" alt=\"\" class=\"wp-image-3652\"\/><\/figure><\/div>\n\n\n\n<p class=\"has-text-align-center has-medium-font-size\"><br>des porcelets en vente au sevrage \u00e0 des engraisseurs ou des particuliers <br><\/p>\n\n\n\n<div class=\"wp-block-image\"><figure class=\"aligncenter size-full\"><img loading=\"lazy\" decoding=\"async\" width=\"42\" height=\"43\" src=\"https:\/\/www.biauxarpajonnais.org\/wp-content\/uploads\/2021\/10\/Ferme-de-Barbe-noire-2-3.jpg\" alt=\"\" class=\"wp-image-3657\"\/><\/figure><\/div>\n\n\n\n<p class=\"has-text-align-center has-medium-font-size\"><br>des cochons \u00e0 la broche sur devis pour vos r\u00e9ceptions<br><br><\/p>\n\n\n\n<div class=\"wp-block-image\"><figure class=\"aligncenter size-full\"><img loading=\"lazy\" decoding=\"async\" width=\"42\" height=\"43\" src=\"https:\/\/www.biauxarpajonnais.org\/wp-content\/uploads\/2021\/10\/Ferme-de-Barbe-noire-2-2.jpg\" alt=\"\" class=\"wp-image-3653\"\/><\/figure><\/div>\n\n\n\n<p class=\"has-text-align-center has-medium-font-size\"><br>Le bien \u00eatre animal est notre premi\u00e8re pr\u00e9occupation, et la qualit\u00e9 de nos produits le d\u00e9montre !<br>N&rsquo;\u00e9tant pas autonome en alimentation, nous travaillons avec des producteurs de c\u00e9r\u00e9ales locaux certifi\u00e9s agriculture biologique, ce qui nous permet une tra\u00e7abilit\u00e9 au top!<br><br><br>Notre \u00e9levage ainsi que notre production sont certifi\u00e9s Agriculture Biologique par Ecoc ert, certificateur ind\u00e9pendant reconnu par l\u2019\u00e9tat.<\/p>\n\n\n\n<p class=\"has-text-align-center has-medium-font-size\"><br>Suivez notre page pour d\u00e9couvrir notre \u00e9levage !<br><strong>www.facebook.com\/Lafermebiodebarbenoire<\/strong><br>Au plaisir d\u2019\u00e9changer avec vous,<br>Cl\u00e9mence &amp; Pierre<\/p>\n","protected":false},"excerpt":{"rendered":"<p>LA FERME BIO de BARBE NOIRE Jules Renard disait qu\u2019il faut parler d\u2019un cochon comme d\u2019une fleur ; moi c\u2019est Pierre et chez la Barbe Noire c\u2019est tout \u00e0 fait \u00e7a !Je travaille avec une race rustique, le Porc Blanc&#8230;<\/p>\n","protected":false},"author":4,"featured_media":0,"parent":59,"menu_order":0,"comment_status":"closed","ping_status":"closed","template":"","meta":{"footnotes":""},"class_list":["post-3644","page","type-page","status-publish","hentry","no-post-thumbnail"],"_links":{"self":[{"href":"https:\/\/www.biauxarpajonnais.org\/index.php\/wp-json\/wp\/v2\/pages\/3644","targetHints":{"allow":["GET"]}}],"collection":[{"href":"https:\/\/www.biauxarpajonnais.org\/index.php\/wp-json\/wp\/v2\/pages"}],"about":[{"href":"https:\/\/www.biauxarpajonnais.org\/index.php\/wp-json\/wp\/v2\/types\/page"}],"author":[{"embeddable":true,"href":"https:\/\/www.biauxarpajonnais.org\/index.php\/wp-json\/wp\/v2\/users\/4"}],"replies":[{"embeddable":true,"href":"https:\/\/www.biauxarpajonnais.org\/index.php\/wp-json\/wp\/v2\/comments?post=3644"}],"version-history":[{"count":2,"href":"https:\/\/www.biauxarpajonnais.org\/index.php\/wp-json\/wp\/v2\/pages\/3644\/revisions"}],"predecessor-version":[{"id":3709,"href":"https:\/\/www.biauxarpajonnais.org\/index.php\/wp-json\/wp\/v2\/pages\/3644\/revisions\/3709"}],"up":[{"embeddable":true,"href":"https:\/\/www.biauxarpajonnais.org\/index.php\/wp-json\/wp\/v2\/pages\/59"}],"wp:attachment":[{"href":"https:\/\/www.biauxarpajonnais.org\/index.php\/wp-json\/wp\/v2\/media?parent=3644"}],"curies":[{"name":"wp","href":"https:\/\/api.w.org\/{rel}","templated":true}]}}