{"id":3532,"date":"2021-09-26T11:23:16","date_gmt":"2021-09-26T09:23:16","guid":{"rendered":"https:\/\/www.biauxarpajonnais.org\/?page_id=3532"},"modified":"2021-09-26T11:25:37","modified_gmt":"2021-09-26T09:25:37","slug":"patisson","status":"publish","type":"page","link":"https:\/\/www.biauxarpajonnais.org\/index.php\/recettes\/patisson\/","title":{"rendered":"P\u00c2TISSON"},"content":{"rendered":"\n<div class=\"wp-block-image\"><figure class=\"alignleft size-full\"><img loading=\"lazy\" decoding=\"async\" width=\"260\" height=\"171\" src=\"https:\/\/www.biauxarpajonnais.org\/wp-content\/uploads\/2021\/09\/Patisson.jpg\" alt=\"\" class=\"wp-image-3533\"\/><\/figure><\/div>\n\n\n\n<p class=\"has-text-align-left\">Le p\u00e2tisson ou artichaut d&rsquo;Espagne est une petite courge en forme &lsquo;h\u00e9misph\u00e8re bord\u00e9e de dentelures. Sa forme aplatie lui a valu les surnoms de \u00ab bonnet-de-pr\u00eatre \u00bb, \u00ab bonnet d&rsquo;\u00e9lecteur \u00bb ou encore \u00ab couronne imp\u00e9riale \u00bb. Il a la peau blanch\u00e2tre, vert ou jaune. On le choisit bien lisse avec une enveloppe exempte de taches brunes. <br>Il peut atteindre jusqu&rsquo;\u00e0 25 cm de diam\u00e8tre mais pr\u00e9f\u00e9rez-le plus petit car sa chair est plus tendre. <br>Coup\u00e9 en deux, le p\u00e2tisson ressemble \u00e0 une courgette, en moins aqueux. <br>D&rsquo;un blanc laiteux, sa pulpe ferme, l\u00e9g\u00e8rement sucr\u00e9e, \u00e9voque une saveur proche de celle de l&rsquo;artichaut. C&rsquo;en est d&rsquo;ailleurs un parfait ersatz en beaucoup moins cher.<br><strong><em>Quels sont ses bienfaits?<\/em><\/strong><br>Tr\u00e8s riche en eau et particuli\u00e8rement digeste, il est \u00e9galement peu \u00e9nerg\u00e9tique (16 kcal\/100 g). Il contient beaucoup de min\u00e9raux, en particulier du potassium qui assure le bon d\u00e9veloppement des cellules nerveuses et musculaires. <br><strong><em>Comment le cuisiner?<\/em><\/strong> <br>En gratin, d\u00e9coup\u00e9 en d\u00e9s avec des oignons, de la cr\u00e8me fra\u00eeche, du gruy\u00e8re et une pinc\u00e9e de noix de muscade. Simplement revenu \u00e0 la po\u00eale avec de l&rsquo;ail et de l&rsquo;huile d&rsquo;olive. <br>S&rsquo;ils sont de petite taille, pas besoin de les \u00e9plucher. Utilisez les plus gros pour les farcir.<br>Plus original et audacieux, cuisez-le en confiture avec des pommes vertes, du sucre, du gingembre frais et de la cannelle. \u00c0 tartiner g\u00e9n\u00e9reusement sur une \u00e9paisse tranche de brioche! <br><strong><em>Comment le conserver?<\/em><\/strong> <br>Les petits sp\u00e9cimens sont fragiles et ne se conservent pas plus d&rsquo;une semaine en bas du r\u00e9frig\u00e9rateur. Les gros calibres,<br>eux, peuvent patienter jusqu&rsquo;\u00e0 trois mois, pourvu qu&rsquo;ils soient r\u00e9serv\u00e9s dans un endroit sec, \u00e0 l&rsquo;abri de la lumi\u00e8re.<br><\/p>\n\n\n<ul class=\"wp-block-latest-posts__list wp-block-latest-posts\"><li><a class=\"wp-block-latest-posts__post-title\" href=\"https:\/\/www.biauxarpajonnais.org\/index.php\/2021\/09\/26\/patisson-farci-a-la-semoule-et-aux-blettes\/\">P\u00e2tisson farci \u00e0 la semoule et aux blettes<\/a><\/li>\n<li><a class=\"wp-block-latest-posts__post-title\" href=\"https:\/\/www.biauxarpajonnais.org\/index.php\/2021\/09\/26\/patisson-farci-a-la-tomate\/\">P\u00e2tisson farci \u00e0 la tomate<\/a><\/li>\n<li><a class=\"wp-block-latest-posts__post-title\" href=\"https:\/\/www.biauxarpajonnais.org\/index.php\/2023\/08\/05\/patisson-farci-a-la-viande\/\">P\u00e2tisson farci \u00e0 la viande<\/a><\/li>\n<li><a class=\"wp-block-latest-posts__post-title\" href=\"https:\/\/www.biauxarpajonnais.org\/index.php\/2024\/09\/03\/patisson-farci-aux-blettes-et-roquefort\/\">P\u00e2tisson farci aux blettes et roquefort<\/a><\/li>\n<li><a class=\"wp-block-latest-posts__post-title\" href=\"https:\/\/www.biauxarpajonnais.org\/index.php\/2021\/09\/26\/quiche-au-patisson\/\">Quiche au p\u00e2tisson<\/a><\/li>\n<\/ul>","protected":false},"excerpt":{"rendered":"<p>Le p\u00e2tisson ou artichaut d&rsquo;Espagne est une petite courge en forme &lsquo;h\u00e9misph\u00e8re bord\u00e9e de dentelures. Sa forme aplatie lui a valu les surnoms de \u00ab bonnet-de-pr\u00eatre \u00bb, \u00ab bonnet d&rsquo;\u00e9lecteur \u00bb ou encore \u00ab couronne imp\u00e9riale \u00bb. Il a la&#8230;<\/p>\n","protected":false},"author":4,"featured_media":0,"parent":54,"menu_order":0,"comment_status":"closed","ping_status":"closed","template":"","meta":{"footnotes":""},"class_list":["post-3532","page","type-page","status-publish","hentry","no-post-thumbnail"],"_links":{"self":[{"href":"https:\/\/www.biauxarpajonnais.org\/index.php\/wp-json\/wp\/v2\/pages\/3532","targetHints":{"allow":["GET"]}}],"collection":[{"href":"https:\/\/www.biauxarpajonnais.org\/index.php\/wp-json\/wp\/v2\/pages"}],"about":[{"href":"https:\/\/www.biauxarpajonnais.org\/index.php\/wp-json\/wp\/v2\/types\/page"}],"author":[{"embeddable":true,"href":"https:\/\/www.biauxarpajonnais.org\/index.php\/wp-json\/wp\/v2\/users\/4"}],"replies":[{"embeddable":true,"href":"https:\/\/www.biauxarpajonnais.org\/index.php\/wp-json\/wp\/v2\/comments?post=3532"}],"version-history":[{"count":0,"href":"https:\/\/www.biauxarpajonnais.org\/index.php\/wp-json\/wp\/v2\/pages\/3532\/revisions"}],"up":[{"embeddable":true,"href":"https:\/\/www.biauxarpajonnais.org\/index.php\/wp-json\/wp\/v2\/pages\/54"}],"wp:attachment":[{"href":"https:\/\/www.biauxarpajonnais.org\/index.php\/wp-json\/wp\/v2\/media?parent=3532"}],"curies":[{"name":"wp","href":"https:\/\/api.w.org\/{rel}","templated":true}]}}