{"id":338,"date":"2019-03-15T17:19:44","date_gmt":"2019-03-15T16:19:44","guid":{"rendered":"https:\/\/amap.3fu.me\/?page_id=338"},"modified":"2021-07-03T18:46:15","modified_gmt":"2021-07-03T16:46:15","slug":"carottes","status":"publish","type":"page","link":"https:\/\/www.biauxarpajonnais.org\/index.php\/recettes\/carottes\/","title":{"rendered":"CAROTTES"},"content":{"rendered":"\n<div class=\"wp-block-image\"><figure class=\"alignleft size-large is-resized\"><img loading=\"lazy\" decoding=\"async\" src=\"https:\/\/www.biauxarpajonnais.org\/wp-content\/uploads\/2021\/07\/20210604-2.jpg\" alt=\"\" class=\"wp-image-3192\" width=\"220\" height=\"164\" srcset=\"https:\/\/www.biauxarpajonnais.org\/wp-content\/uploads\/2021\/07\/20210604-2.jpg 635w, https:\/\/www.biauxarpajonnais.org\/wp-content\/uploads\/2021\/07\/20210604-2-300x223.jpg 300w\" sizes=\"auto, (max-width: 220px) 100vw, 220px\" \/><\/figure><\/div>\n\n\n<ul class=\"wp-block-latest-posts__list wp-block-latest-posts\"><li><a class=\"wp-block-latest-posts__post-title\" href=\"https:\/\/www.biauxarpajonnais.org\/index.php\/2021\/06\/05\/batonnets-de-legumes-et-leur-sauce-aux-oignons-nouveaux\/\">B\u00e2tonnets de l\u00e9gumes et leur sauce aux oignons nouveaux<\/a><\/li>\n<li><a class=\"wp-block-latest-posts__post-title\" href=\"https:\/\/www.biauxarpajonnais.org\/index.php\/2021\/01\/25\/betteraves-et-carottes-roties\/\">Betteraves et carottes r\u00f4ties<\/a><\/li>\n<li><a class=\"wp-block-latest-posts__post-title\" href=\"https:\/\/www.biauxarpajonnais.org\/index.php\/2021\/02\/13\/cake-sucre-au-celeri-rave-a-la-carotte-et-aux-noix\/\">Cake sucr\u00e9 au c\u00e9leri rave \u00e0 la carotte et aux noix<\/a><\/li>\n<li><a class=\"wp-block-latest-posts__post-title\" href=\"https:\/\/www.biauxarpajonnais.org\/index.php\/2021\/06\/05\/carottes-et-betteraves-rapees-aux-accents-dagrumes\/\">Carottes et Betteraves r\u00e2p\u00e9es aux accents d&rsquo;agrumes<\/a><\/li>\n<li><a class=\"wp-block-latest-posts__post-title\" href=\"https:\/\/www.biauxarpajonnais.org\/index.php\/2021\/05\/10\/carottes-nouvelles-au-pesto\/\">Carottes nouvelles au pesto<\/a><\/li>\n<li><a class=\"wp-block-latest-posts__post-title\" href=\"https:\/\/www.biauxarpajonnais.org\/index.php\/2022\/02\/12\/celeri-et-carottes-roties-aux-echalottes\/\">C\u00e9leri et carottes r\u00f4ties aux \u00e9chalottes<\/a><\/li>\n<li><a class=\"wp-block-latest-posts__post-title\" href=\"https:\/\/www.biauxarpajonnais.org\/index.php\/2022\/02\/12\/celeri-rave-facon-carrot-cake-americain\/\">C\u00e9leri rave fa\u00e7on Carrot Cake am\u00e9ricain<\/a><\/li>\n<li><a class=\"wp-block-latest-posts__post-title\" href=\"https:\/\/www.biauxarpajonnais.org\/index.php\/2023\/02\/12\/creme-de-rutabaga-et-carottes-au-sirop-derable\/\">Cr\u00e8me de rutabaga et carottes au sirop d&rsquo;\u00e9rable<\/a><\/li>\n<li><a class=\"wp-block-latest-posts__post-title\" href=\"https:\/\/www.biauxarpajonnais.org\/index.php\/2022\/05\/17\/curry-de-chou-fleur-2\/\">Curry de Chou-Fleur<\/a><\/li>\n<li><a class=\"wp-block-latest-posts__post-title\" href=\"https:\/\/www.biauxarpajonnais.org\/index.php\/2021\/10\/24\/flan-de-chou-rave-et-carottes\/\">Flan de chou-rave et carottes<\/a><\/li>\n<li><a class=\"wp-block-latest-posts__post-title\" href=\"https:\/\/www.biauxarpajonnais.org\/index.php\/2021\/02\/20\/gateau-invisible-navets-carottes\/\">G\u00e2teau invisible navets-carottes<\/a><\/li>\n<li><a class=\"wp-block-latest-posts__post-title\" href=\"https:\/\/www.biauxarpajonnais.org\/index.php\/2022\/10\/23\/gratin-de-legumes-2\/\">Gratin de l\u00e9gumes<\/a><\/li>\n<li><a class=\"wp-block-latest-posts__post-title\" href=\"https:\/\/www.biauxarpajonnais.org\/index.php\/2021\/12\/04\/gratin-de-legumes-dhiver-et-varies\/\">Gratin de l\u00e9gumes d&rsquo;hiver et vari\u00e9s<\/a><\/li>\n<li><a class=\"wp-block-latest-posts__post-title\" href=\"https:\/\/www.biauxarpajonnais.org\/index.php\/2021\/11\/15\/gratin-de-rutabagas-pommes-de-terre-et-carottes\/\">Gratin de rutabagas, pommes de terre et carottes<\/a><\/li>\n<li><a class=\"wp-block-latest-posts__post-title\" href=\"https:\/\/www.biauxarpajonnais.org\/index.php\/2021\/06\/12\/jardiniere-de-legumes-de-printemps\/\">Jardini\u00e8re de l\u00e9gumes de printemps<\/a><\/li>\n<li><a class=\"wp-block-latest-posts__post-title\" href=\"https:\/\/www.biauxarpajonnais.org\/index.php\/2026\/02\/15\/legumes-betteraves-carottes-et-courge-rotis-au-miel\/\">L\u00e9gumes (Betteraves, Carottes et Courge) r\u00f4tis au miel<\/a><\/li>\n<li><a class=\"wp-block-latest-posts__post-title\" href=\"https:\/\/www.biauxarpajonnais.org\/index.php\/2026\/01\/28\/legumes-dhiver-rotis-au-four\/\">L\u00e9gumes d&rsquo;hiver r\u00f4tis au four<\/a><\/li>\n<li><a class=\"wp-block-latest-posts__post-title\" href=\"https:\/\/www.biauxarpajonnais.org\/index.php\/2025\/01\/01\/legumes-rotis-au-four\/\">L\u00e9gumes r\u00f4tis au four<\/a><\/li>\n<li><a class=\"wp-block-latest-posts__post-title\" href=\"https:\/\/www.biauxarpajonnais.org\/index.php\/2022\/01\/19\/legumes-rotis-miel\/\">L\u00e9gumes r\u00f4tis miel<\/a><\/li>\n<li><a class=\"wp-block-latest-posts__post-title\" href=\"https:\/\/www.biauxarpajonnais.org\/index.php\/2023\/05\/22\/pesto-anti-gaspi\/\">Pancakes aux fanes de carottes<\/a><\/li>\n<li><a class=\"wp-block-latest-posts__post-title\" href=\"https:\/\/www.biauxarpajonnais.org\/index.php\/2021\/01\/19\/parmentier-aux-3-legumes\/\">Parmentier aux 3 l\u00e9gumes<\/a><\/li>\n<li><a class=\"wp-block-latest-posts__post-title\" href=\"https:\/\/www.biauxarpajonnais.org\/index.php\/2023\/05\/22\/pesto-anti-gaspi-2\/\">Pesto anti-gaspi<\/a><\/li>\n<li><a class=\"wp-block-latest-posts__post-title\" href=\"https:\/\/www.biauxarpajonnais.org\/index.php\/2021\/04\/10\/poelee-de-blettes-et-carottes-au-cumin\/\">Po\u00eal\u00e9e de blettes et carottes au cumin<\/a><\/li>\n<li><a class=\"wp-block-latest-posts__post-title\" href=\"https:\/\/www.biauxarpajonnais.org\/index.php\/2021\/06\/19\/poelee-de-carottes-et-haricots-rame\/\">Po\u00eal\u00e9e de carottes et haricots rame<\/a><\/li>\n<li><a class=\"wp-block-latest-posts__post-title\" href=\"https:\/\/www.biauxarpajonnais.org\/index.php\/2021\/03\/30\/poelee-de-choux-de-bruxelles-a-la-moutarde-et-aux-carottes\/\">Po\u00eal\u00e9e de choux de Bruxelles \u00e0 la moutarde et aux carottes<\/a><\/li>\n<li><a class=\"wp-block-latest-posts__post-title\" href=\"https:\/\/www.biauxarpajonnais.org\/index.php\/2021\/03\/05\/pot-au-feu-facile\/\">Pot au feu facile<\/a><\/li>\n<li><a class=\"wp-block-latest-posts__post-title\" href=\"https:\/\/www.biauxarpajonnais.org\/index.php\/2023\/12\/11\/potee-de-chou-de-bruxelles\/\">Pot\u00e9e de choux de Bruxelles<\/a><\/li>\n<li><a class=\"wp-block-latest-posts__post-title\" href=\"https:\/\/www.biauxarpajonnais.org\/index.php\/2022\/01\/19\/quiche-panais-carottes-au-cabillaud\/\">Quiche panais, carottes au cabillaud<\/a><\/li>\n<li><a class=\"wp-block-latest-posts__post-title\" href=\"https:\/\/www.biauxarpajonnais.org\/index.php\/2021\/02\/13\/rostis-de-celeri-rave-et-carottes\/\">R\u00f6stis de c\u00e9leri rave et carottes<\/a><\/li>\n<li><a class=\"wp-block-latest-posts__post-title\" href=\"https:\/\/www.biauxarpajonnais.org\/index.php\/2022\/10\/23\/rostis-de-legumes\/\">R\u00f6stis de l\u00e9gumes<\/a><\/li>\n<li><a class=\"wp-block-latest-posts__post-title\" href=\"https:\/\/www.biauxarpajonnais.org\/index.php\/2021\/05\/31\/salade-chou-rave-et-carottes\/\">Salade chou-rave et carottes<\/a><\/li>\n<li><a class=\"wp-block-latest-posts__post-title\" href=\"https:\/\/www.biauxarpajonnais.org\/index.php\/2022\/01\/25\/salade-composee-de-pain-de-sucre\/\">Salade compos\u00e9e de pain de sucre<\/a><\/li>\n<li><a class=\"wp-block-latest-posts__post-title\" href=\"https:\/\/www.biauxarpajonnais.org\/index.php\/2022\/02\/12\/salade-de-betterave-celeri-rave-carottes-et-graines-de-tournesol\/\">Salade de betterave, c\u00e9leri rave, carottes et graines de tournesol<\/a><\/li>\n<li><a class=\"wp-block-latest-posts__post-title\" href=\"https:\/\/www.biauxarpajonnais.org\/index.php\/2021\/01\/30\/salade-de-chou-blanc-au-poulet-sesame-et-noix-de-cajou\/\">Salade de chou blanc au poulet, s\u00e9same et noix de cajou<\/a><\/li>\n<li><a class=\"wp-block-latest-posts__post-title\" href=\"https:\/\/www.biauxarpajonnais.org\/index.php\/2021\/07\/03\/salade-de-chou-pointu-au-poulet-sesame-et-noix-de-cajou\/\">Salade de chou pointu au poulet, s\u00e9same et noix de cajou<\/a><\/li>\n<li><a class=\"wp-block-latest-posts__post-title\" href=\"https:\/\/www.biauxarpajonnais.org\/index.php\/2021\/05\/08\/salade-de-crudites-aux-accents-exotiques\/\">Salade de crudit\u00e9s aux accents exotiques<\/a><\/li>\n<li><a class=\"wp-block-latest-posts__post-title\" href=\"https:\/\/www.biauxarpajonnais.org\/index.php\/2021\/07\/13\/tagliatelles-de-carottes-concombre-et-courgettes\/\">Tagliatelles de carottes concombre et courgettes<\/a><\/li>\n<li><a class=\"wp-block-latest-posts__post-title\" href=\"https:\/\/www.biauxarpajonnais.org\/index.php\/2021\/04\/19\/tarte-salee-a-la-courge\/\">Tarte sal\u00e9e \u00e0 la courge<\/a><\/li>\n<li><a class=\"wp-block-latest-posts__post-title\" href=\"https:\/\/www.biauxarpajonnais.org\/index.php\/2022\/02\/06\/tarte-topinambour-carotte-courge-et-sesame\/\">Tarte topinambour, carotte, courge et sesame<\/a><\/li>\n<li><a class=\"wp-block-latest-posts__post-title\" href=\"https:\/\/www.biauxarpajonnais.org\/index.php\/2023\/02\/12\/tortilla-carottes-claytone\/\">Tortilla carottes &#8211; Claytone<\/a><\/li>\n<li><a class=\"wp-block-latest-posts__post-title\" href=\"https:\/\/www.biauxarpajonnais.org\/index.php\/2021\/05\/31\/tortilla-carottes-epinards\/\">Tortilla carottes-\u00e9pinards<\/a><\/li>\n<li><a class=\"wp-block-latest-posts__post-title\" href=\"https:\/\/www.biauxarpajonnais.org\/index.php\/2021\/07\/13\/tortilla-de-celeri-rave-aux-carottes\/\">Tortilla de c\u00e9leri rave aux carottes<\/a><\/li>\n<li><a class=\"wp-block-latest-posts__post-title\" href=\"https:\/\/www.biauxarpajonnais.org\/index.php\/2021\/02\/13\/veloute-de-courge-carotte-pois-chiches-et-lait-de-coco\/\">Velout\u00e9 de courge, carotte, pois chiches et lait de coco<\/a><\/li>\n<li><a class=\"wp-block-latest-posts__post-title\" href=\"https:\/\/www.biauxarpajonnais.org\/index.php\/2021\/06\/19\/wok-de-legumes-au-curry-et-lait-de-coco\/\">Wok de l\u00e9gumes au curry et lait de coco<\/a><\/li>\n<\/ul>\n\n\n<p><br><\/p>\n","protected":false},"excerpt":{"rendered":"","protected":false},"author":3,"featured_media":0,"parent":54,"menu_order":0,"comment_status":"closed","ping_status":"closed","template":"","meta":{"footnotes":""},"class_list":["post-338","page","type-page","status-publish","hentry","no-post-thumbnail"],"_links":{"self":[{"href":"https:\/\/www.biauxarpajonnais.org\/index.php\/wp-json\/wp\/v2\/pages\/338","targetHints":{"allow":["GET"]}}],"collection":[{"href":"https:\/\/www.biauxarpajonnais.org\/index.php\/wp-json\/wp\/v2\/pages"}],"about":[{"href":"https:\/\/www.biauxarpajonnais.org\/index.php\/wp-json\/wp\/v2\/types\/page"}],"author":[{"embeddable":true,"href":"https:\/\/www.biauxarpajonnais.org\/index.php\/wp-json\/wp\/v2\/users\/3"}],"replies":[{"embeddable":true,"href":"https:\/\/www.biauxarpajonnais.org\/index.php\/wp-json\/wp\/v2\/comments?post=338"}],"version-history":[{"count":0,"href":"https:\/\/www.biauxarpajonnais.org\/index.php\/wp-json\/wp\/v2\/pages\/338\/revisions"}],"up":[{"embeddable":true,"href":"https:\/\/www.biauxarpajonnais.org\/index.php\/wp-json\/wp\/v2\/pages\/54"}],"wp:attachment":[{"href":"https:\/\/www.biauxarpajonnais.org\/index.php\/wp-json\/wp\/v2\/media?parent=338"}],"curies":[{"name":"wp","href":"https:\/\/api.w.org\/{rel}","templated":true}]}}