{"id":167,"date":"2019-03-08T11:46:11","date_gmt":"2019-03-08T10:46:11","guid":{"rendered":"https:\/\/amap.3fu.me\/?page_id=167"},"modified":"2019-11-09T14:26:44","modified_gmt":"2019-11-09T13:26:44","slug":"fruits","status":"publish","type":"page","link":"https:\/\/www.biauxarpajonnais.org\/index.php\/les-producteurs\/fruits\/","title":{"rendered":"FRUITS"},"content":{"rendered":"\n<p><\/p>\n\n\n\n<h3 class=\"wp-block-heading\"> La Ferme des Perri\u00e8res<\/h3>\n\n\n\n<p>La ferme des Perri\u00e8res, situ\u00e9e \u00e0 Saint Hilaire Saint Mesmin (45), propose des pommes, des poires et des kiwis et du jus de Pommes. <br>Ces fruits sont livr\u00e9s une fois par mois pendant la saison (de septembre \u00e0 mars). <\/p>\n\n\n\n<ul class=\"wp-block-gallery columns-1 is-cropped wp-block-gallery-1 is-layout-flex wp-block-gallery-is-layout-flex\"><li class=\"blocks-gallery-item\"><figure><img loading=\"lazy\" decoding=\"async\" width=\"1002\" height=\"534\" src=\"https:\/\/www.biauxarpajonnais.org\/wp-content\/uploads\/2019\/11\/Ferme-des-Perri\u00e8res1.jpg\" alt=\"\" data-id=\"1036\" class=\"wp-image-1036\" srcset=\"https:\/\/www.biauxarpajonnais.org\/wp-content\/uploads\/2019\/11\/Ferme-des-Perri\u00e8res1.jpg 1002w, https:\/\/www.biauxarpajonnais.org\/wp-content\/uploads\/2019\/11\/Ferme-des-Perri\u00e8res1-300x160.jpg 300w, https:\/\/www.biauxarpajonnais.org\/wp-content\/uploads\/2019\/11\/Ferme-des-Perri\u00e8res1-768x409.jpg 768w\" sizes=\"auto, (max-width: 1002px) 100vw, 1002px\" \/><\/figure><\/li><li class=\"blocks-gallery-item\"><figure><img loading=\"lazy\" decoding=\"async\" width=\"997\" height=\"578\" src=\"https:\/\/www.biauxarpajonnais.org\/wp-content\/uploads\/2019\/11\/Ferme-des-Perri\u00e8res2.jpg\" alt=\"\" data-id=\"1037\" class=\"wp-image-1037\" srcset=\"https:\/\/www.biauxarpajonnais.org\/wp-content\/uploads\/2019\/11\/Ferme-des-Perri\u00e8res2.jpg 997w, https:\/\/www.biauxarpajonnais.org\/wp-content\/uploads\/2019\/11\/Ferme-des-Perri\u00e8res2-300x174.jpg 300w, https:\/\/www.biauxarpajonnais.org\/wp-content\/uploads\/2019\/11\/Ferme-des-Perri\u00e8res2-768x445.jpg 768w\" sizes=\"auto, (max-width: 997px) 100vw, 997px\" \/><\/figure><\/li><li class=\"blocks-gallery-item\"><figure><img loading=\"lazy\" decoding=\"async\" width=\"1005\" height=\"590\" src=\"https:\/\/www.biauxarpajonnais.org\/wp-content\/uploads\/2019\/11\/Ferme-des-Perri\u00e8res3.jpg\" alt=\"\" data-id=\"1038\" class=\"wp-image-1038\" srcset=\"https:\/\/www.biauxarpajonnais.org\/wp-content\/uploads\/2019\/11\/Ferme-des-Perri\u00e8res3.jpg 1005w, https:\/\/www.biauxarpajonnais.org\/wp-content\/uploads\/2019\/11\/Ferme-des-Perri\u00e8res3-300x176.jpg 300w, https:\/\/www.biauxarpajonnais.org\/wp-content\/uploads\/2019\/11\/Ferme-des-Perri\u00e8res3-768x451.jpg 768w\" sizes=\"auto, (max-width: 1005px) 100vw, 1005px\" \/><\/figure><\/li><li class=\"blocks-gallery-item\"><figure><img loading=\"lazy\" decoding=\"async\" width=\"981\" height=\"579\" src=\"https:\/\/www.biauxarpajonnais.org\/wp-content\/uploads\/2019\/11\/Ferme-des-Perri\u00e8res4.jpg\" alt=\"\" data-id=\"1039\" class=\"wp-image-1039\" srcset=\"https:\/\/www.biauxarpajonnais.org\/wp-content\/uploads\/2019\/11\/Ferme-des-Perri\u00e8res4.jpg 981w, https:\/\/www.biauxarpajonnais.org\/wp-content\/uploads\/2019\/11\/Ferme-des-Perri\u00e8res4-300x177.jpg 300w, https:\/\/www.biauxarpajonnais.org\/wp-content\/uploads\/2019\/11\/Ferme-des-Perri\u00e8res4-768x453.jpg 768w\" sizes=\"auto, (max-width: 981px) 100vw, 981px\" \/><\/figure><\/li><li class=\"blocks-gallery-item\"><figure><img loading=\"lazy\" decoding=\"async\" width=\"984\" height=\"582\" src=\"https:\/\/www.biauxarpajonnais.org\/wp-content\/uploads\/2019\/11\/Ferme-des-Perri\u00e8res5.jpg\" alt=\"\" data-id=\"1040\" class=\"wp-image-1040\" srcset=\"https:\/\/www.biauxarpajonnais.org\/wp-content\/uploads\/2019\/11\/Ferme-des-Perri\u00e8res5.jpg 984w, https:\/\/www.biauxarpajonnais.org\/wp-content\/uploads\/2019\/11\/Ferme-des-Perri\u00e8res5-300x177.jpg 300w, https:\/\/www.biauxarpajonnais.org\/wp-content\/uploads\/2019\/11\/Ferme-des-Perri\u00e8res5-768x454.jpg 768w\" sizes=\"auto, (max-width: 984px) 100vw, 984px\" \/><\/figure><\/li><\/ul>\n","protected":false},"excerpt":{"rendered":"<p>La Ferme des Perri\u00e8res La ferme des Perri\u00e8res, situ\u00e9e \u00e0 Saint Hilaire Saint Mesmin (45), propose des pommes, des poires et des kiwis et du jus de Pommes. Ces fruits sont livr\u00e9s une fois par mois pendant la saison (de&#8230;<\/p>\n","protected":false},"author":3,"featured_media":0,"parent":59,"menu_order":0,"comment_status":"closed","ping_status":"closed","template":"","meta":{"footnotes":""},"class_list":["post-167","page","type-page","status-publish","hentry","no-post-thumbnail"],"_links":{"self":[{"href":"https:\/\/www.biauxarpajonnais.org\/index.php\/wp-json\/wp\/v2\/pages\/167","targetHints":{"allow":["GET"]}}],"collection":[{"href":"https:\/\/www.biauxarpajonnais.org\/index.php\/wp-json\/wp\/v2\/pages"}],"about":[{"href":"https:\/\/www.biauxarpajonnais.org\/index.php\/wp-json\/wp\/v2\/types\/page"}],"author":[{"embeddable":true,"href":"https:\/\/www.biauxarpajonnais.org\/index.php\/wp-json\/wp\/v2\/users\/3"}],"replies":[{"embeddable":true,"href":"https:\/\/www.biauxarpajonnais.org\/index.php\/wp-json\/wp\/v2\/comments?post=167"}],"version-history":[{"count":0,"href":"https:\/\/www.biauxarpajonnais.org\/index.php\/wp-json\/wp\/v2\/pages\/167\/revisions"}],"up":[{"embeddable":true,"href":"https:\/\/www.biauxarpajonnais.org\/index.php\/wp-json\/wp\/v2\/pages\/59"}],"wp:attachment":[{"href":"https:\/\/www.biauxarpajonnais.org\/index.php\/wp-json\/wp\/v2\/media?parent=167"}],"curies":[{"name":"wp","href":"https:\/\/api.w.org\/{rel}","templated":true}]}}