{"id":1554,"date":"2020-07-14T19:40:27","date_gmt":"2020-07-14T17:40:27","guid":{"rendered":"https:\/\/www.biauxarpajonnais.org\/?page_id=1554"},"modified":"2025-01-02T19:24:23","modified_gmt":"2025-01-02T18:24:23","slug":"presentation-2","status":"publish","type":"page","link":"https:\/\/www.biauxarpajonnais.org\/index.php\/presentation-2\/","title":{"rendered":"Pr\u00e9sentation"},"content":{"rendered":"\n<h2 class=\"wp-block-heading has-text-align-center\">Vous souhaitez consommer<br>autrement ?<\/h2>\n\n\n\n<p class=\"has-text-align-center has-normal-font-size\"><strong>BIO<\/strong>     &#8211;     <strong>SOLIDAIRE  <\/strong>  &#8211;     <strong>CIRCUIT-COURT<\/strong>  <br><strong>DURABLE<\/strong>     &#8211;     <strong>ECO- RESPONSABLE<\/strong>     &#8211;     <strong>CONVIVIAL<\/strong><\/p>\n\n\n<div class=\"wp-block-image\">\n<figure class=\"alignleft size-full\"><img loading=\"lazy\" decoding=\"async\" width=\"287\" height=\"176\" src=\"https:\/\/www.biauxarpajonnais.org\/wp-content\/uploads\/2021\/08\/panier-legumes.jpg\" alt=\"\" class=\"wp-image-3386\"\/><\/figure>\n<\/div>\n\n\n<p><br><br><br>L&rsquo;AMAP (<strong>A<\/strong>ssociation pour le <strong>M<\/strong>aintien d&rsquo;une <strong>A<\/strong>griculture <strong>P<\/strong>aysanne) de l&rsquo;Arpajonnais est une association de <strong>Mangeurs<\/strong>.<\/p>\n\n\n\n<p>Ensemble nous avons choisi de manger BIO et SOLIDAIRE.<\/p>\n\n\n\n<div style=\"height:20px\" aria-hidden=\"true\" class=\"wp-block-spacer\"><\/div>\n\n\n\n<p>L&rsquo;AMAP, <strong><span style=\"text-decoration: underline;\">\u00ab\u00a0Les Biaux Arpajonnais\u00a0\u00bb<\/span><\/strong>, a \u00e9t\u00e9 cr\u00e9\u00e9e en mars 2017.<\/p>\n\n\n\n<p>Elle a d\u00e9but\u00e9 en proposant des contrats l\u00e9gumes avec la Ferme Sapousse de Pussay (91).<br><br>En janvier 2021 la Ferme Sapousse a d\u00e9cid\u00e9 d&rsquo;\u00e9voluer vers une plus petite ferme, tr\u00e8s diversifi\u00e9e, qui accueille des groupes d&rsquo;enfants et de personnes en situation de handicap et qui agit sur son territoire. Elle continue \u00e0 venir nous livrer deux fois par an  des tisanes, aromates, sirops, miel et autres produits transform\u00e9s. <br><br><a href=\"https:\/\/www.biauxarpajonnais.org\/index.php\/les-producteurs\/le-jardin-fleurs-de-cocagne\/\" data-type=\"page\" data-id=\"1795\">\u00ab\u00a0Le Chemin des Fleurs\u00a0\u00bb<\/a> situ\u00e9 \u00e0  Avrainville a pris la rel\u00e8ve pour nous livrer chaque semaine les l\u00e9gumes de sa production.<br><br>De nombreux contrats tels que :  Ch\u00e2taignes, Fruits, L\u00e9gumes secs, Oeufs, Pains, Vin, Viande bovine, Volailles, &#8230; sont \u00e9galement disponibles pour les adh\u00e9rents de l&rsquo;AMAP.<\/p>\n\n\n\n<p>Les Amapiens font la distribution des paniers tous les vendredis soir \u00e0 \u00ab\u00a0La Ruche\u00a0\u00bb <a href=\"https:\/\/www.google.com\/maps\/place\/29+Rue+Dauvilliers,+91290+Arpajon,+France\/\">29 rue Dauvilliers \u00e0 Arpajon<\/a><\/p>\n\n\n\n<figure><iframe loading=\"lazy\" src=\"https:\/\/www.google.com\/maps\/embed?pb=!1m18!1m12!1m3!1d2639.0514000923517!2d2.2494220156649045!3d48.5897146792621!2m3!1f0!2f0!3f0!3m2!1i1024!2i768!4f13.1!3m3!1m2!1s0x47e5d09c5d0e9c01%3A0xd26cfa7641ae20c0!2s29%20Rue%20Dauvilliers%2C%2091290%20Arpajon!5e0!3m2!1sfr!2sfr!4v1595597986765!5m2!1sfr!2sfr\" width=\"600\" height=\"450\" allowfullscreen=\"\"><\/iframe><\/figure>\n\n\n\n<div class=\"wp-block-file\"><a href=\"https:\/\/www.biauxarpajonnais.org\/wp-content\/uploads\/2020\/07\/Flyer-Amap-V3-1.pdf\">Cliquer ici pour plus d&rsquo;informations<\/a><a href=\"https:\/\/www.biauxarpajonnais.org\/wp-content\/uploads\/2020\/07\/Flyer-Amap-V3-1.pdf\" class=\"wp-block-file__button wp-element-button\" download>T\u00e9l\u00e9charger<\/a><\/div>\n\n\n\n<p>N&rsquo;h\u00e9sitez pas \u00e0 venir nous rencontrer le vendredi pour, non seulement voir les l\u00e9gumes cueillis le matin m\u00eame mais, aussi \u00e9changer avec nous en d\u00e9couvrant la bonne ambiance qui r\u00e8gne au sein de notre AMAP.<\/p>\n\n\n\n<figure class=\"wp-block-image size-large\"><img loading=\"lazy\" decoding=\"async\" width=\"1024\" height=\"165\" src=\"https:\/\/www.biauxarpajonnais.org\/wp-content\/uploads\/2025\/01\/coordonnees-AMAP-1024x165.jpg\" alt=\"\" class=\"wp-image-5483\" srcset=\"https:\/\/www.biauxarpajonnais.org\/wp-content\/uploads\/2025\/01\/coordonnees-AMAP-1024x165.jpg 1024w, https:\/\/www.biauxarpajonnais.org\/wp-content\/uploads\/2025\/01\/coordonnees-AMAP-300x48.jpg 300w, https:\/\/www.biauxarpajonnais.org\/wp-content\/uploads\/2025\/01\/coordonnees-AMAP-768x124.jpg 768w, https:\/\/www.biauxarpajonnais.org\/wp-content\/uploads\/2025\/01\/coordonnees-AMAP.jpg 1062w\" sizes=\"auto, (max-width: 1024px) 100vw, 1024px\" \/><\/figure>\n","protected":false},"excerpt":{"rendered":"<p>Vous souhaitez consommerautrement ? BIO &#8211; SOLIDAIRE &#8211; CIRCUIT-COURT DURABLE &#8211; ECO- RESPONSABLE &#8211; CONVIVIAL L&rsquo;AMAP (Association pour le Maintien d&rsquo;une Agriculture Paysanne) de l&rsquo;Arpajonnais est une association de Mangeurs. Ensemble nous avons choisi de manger BIO et SOLIDAIRE. L&rsquo;AMAP,&#8230;<\/p>\n","protected":false},"author":4,"featured_media":0,"parent":0,"menu_order":0,"comment_status":"closed","ping_status":"closed","template":"","meta":{"footnotes":""},"class_list":["post-1554","page","type-page","status-publish","hentry","no-post-thumbnail"],"_links":{"self":[{"href":"https:\/\/www.biauxarpajonnais.org\/index.php\/wp-json\/wp\/v2\/pages\/1554","targetHints":{"allow":["GET"]}}],"collection":[{"href":"https:\/\/www.biauxarpajonnais.org\/index.php\/wp-json\/wp\/v2\/pages"}],"about":[{"href":"https:\/\/www.biauxarpajonnais.org\/index.php\/wp-json\/wp\/v2\/types\/page"}],"author":[{"embeddable":true,"href":"https:\/\/www.biauxarpajonnais.org\/index.php\/wp-json\/wp\/v2\/users\/4"}],"replies":[{"embeddable":true,"href":"https:\/\/www.biauxarpajonnais.org\/index.php\/wp-json\/wp\/v2\/comments?post=1554"}],"version-history":[{"count":2,"href":"https:\/\/www.biauxarpajonnais.org\/index.php\/wp-json\/wp\/v2\/pages\/1554\/revisions"}],"predecessor-version":[{"id":5760,"href":"https:\/\/www.biauxarpajonnais.org\/index.php\/wp-json\/wp\/v2\/pages\/1554\/revisions\/5760"}],"wp:attachment":[{"href":"https:\/\/www.biauxarpajonnais.org\/index.php\/wp-json\/wp\/v2\/media?parent=1554"}],"curies":[{"name":"wp","href":"https:\/\/api.w.org\/{rel}","templated":true}]}}